{"id":60910,"date":"2024-09-20T09:40:21","date_gmt":"2024-09-20T09:40:21","guid":{"rendered":"https:\/\/campzilla-shop.com\/produkt\/aussenisolierung-windschutzscheibe-4-2\/"},"modified":"2026-03-19T10:32:38","modified_gmt":"2026-03-19T10:32:38","slug":"thermoisolierung-windschutzscheibe","status":"publish","type":"product","link":"https:\/\/campzilla-shop.com\/de\/shop\/thermoisolierung-windschutzscheibe\/","title":{"rendered":"Thermoisolierung Windschutzscheibe, au\u00dfen, VW Crafter \/ Grand California, ab Bj. 2017"},"content":{"rendered":"<h2><strong>Perfekte Thermoisolierung von -25\u00b0C bis +65\u00b0C<\/strong><\/h2>\n<h3>Hochwertiges Polyester mit maximaler Rei\u00dffestigkeit \u2013 dauerhaft formbest\u00e4ndig, UV- und wetterresistent.<\/h3>\n<p data-start=\"259\" data-end=\"588\">Erlebe optimalen Thermoschutz f\u00fcr deinen VW Crafter oder VW Grand California (Baujahr 2017+) \u2013 egal ob hei\u00dfe Sommertage oder frostige Wintern\u00e4chte. Die passgenaue Thermoisolierung aus 8\u202fmm starkem Polyester mit Polyurethan-Schaumkern sch\u00fctzt zuverl\u00e4ssig vor \u00dcberhitzung, Frost und Eiskratzen \u2013 komplett plastikfrei und langlebig.<\/p>\n<h5 data-start=\"590\" data-end=\"634\"><strong data-start=\"590\" data-end=\"632\">Maximaler Komfort bei jeder Temperatur<\/strong><\/h5>\n<ul data-start=\"635\" data-end=\"812\">\n<li data-start=\"635\" data-end=\"718\">\n<p data-start=\"637\" data-end=\"718\"><strong data-start=\"637\" data-end=\"648\">Sommer:<\/strong> verhindert \u00dcberhitzung im Innenraum.<\/p>\n<\/li>\n<li data-start=\"719\" data-end=\"812\">\n<p data-start=\"721\" data-end=\"812\"><strong data-start=\"721\" data-end=\"732\">Winter:<\/strong> H\u00e4lt W\u00e4rme im Fahrzeug und verhindert Frostbildung auf der Windschutzscheibe.<\/p>\n<\/li>\n<\/ul>\n<h5 data-start=\"814\" data-end=\"864\"><strong data-start=\"814\" data-end=\"862\">Hochwertige Materialien &amp; langlebiger Schutz<\/strong><\/h5>\n<ul data-start=\"865\" data-end=\"1038\">\n<li data-start=\"865\" data-end=\"910\">\n<p data-start=\"867\" data-end=\"910\">Strapazierf\u00e4higes, wetterfestes Polyester<\/p>\n<\/li>\n<li data-start=\"911\" data-end=\"962\">\n<p data-start=\"913\" data-end=\"962\">PU-Schaumkern absorbiert Temperaturunterschiede<\/p>\n<\/li>\n<li data-start=\"963\" data-end=\"1038\">\n<p data-start=\"965\" data-end=\"1038\">Stabil und formbest\u00e4ndig bei extremen Witterungen von -25\u202f\u00b0C bis +65\u202f\u00b0C<\/p>\n<\/li>\n<\/ul>\n<h5 data-start=\"1040\" data-end=\"1077\"><strong data-start=\"1040\" data-end=\"1075\">Praktisches, passgenaues Design<\/strong><\/h5>\n<ul data-start=\"1078\" data-end=\"1243\">\n<li data-start=\"1078\" data-end=\"1144\">\n<p data-start=\"1080\" data-end=\"1144\">Einfache Montage \u00fcber Klettlaschen an T\u00fcren und Aussenspiegeln<\/p>\n<\/li>\n<li data-start=\"1145\" data-end=\"1193\">\n<p data-start=\"1147\" data-end=\"1193\">Sichtfenster f\u00fcr Tageslicht und Privatsph\u00e4re<\/p>\n<\/li>\n<li data-start=\"1194\" data-end=\"1243\">\n<p data-start=\"1196\" data-end=\"1243\">Inkl. Packsack f\u00fcr platzsparende Aufbewahrung<\/p>\n<\/li>\n<\/ul>\n<h5 data-start=\"1413\" data-end=\"1444\"><strong data-start=\"1413\" data-end=\"1442\">Vorteile auf einen Blick:<\/strong><\/h5>\n<ul data-start=\"1445\" data-end=\"1657\">\n<li data-start=\"1445\" data-end=\"1488\">\n<p data-start=\"1447\" data-end=\"1488\">Effektiver Thermoschutz Sommer &amp; Winter<\/p>\n<\/li>\n<li data-start=\"1489\" data-end=\"1536\">\n<p data-start=\"1491\" data-end=\"1536\">Passgenau f\u00fcr VW Crafter &amp; Grand California<\/p>\n<\/li>\n<li data-start=\"1537\" data-end=\"1572\">\n<p data-start=\"1539\" data-end=\"1572\">Einfache, werkzeugfreie Montage<\/p>\n<\/li>\n<li data-start=\"1573\" data-end=\"1612\">\n<p data-start=\"1575\" data-end=\"1612\">Wetterfest, langlebig &amp; plastikfrei<\/p>\n<\/li>\n<li data-start=\"1613\" data-end=\"1657\">\n<p data-start=\"1615\" data-end=\"1657\">Erweiterbar durch Motorhauben-Isolierung<\/p>\n<\/li>\n<\/ul>\n<p>Das Produkt wird nach Eingang der Bestellung angefertigt und hat somit eine Lieferzeit von ca. <b>14-21 Werktagen. <\/b><\/p>\n","protected":false},"excerpt":{"rendered":"<h6><strong>Effektiver Schutz bei Wind und Wetter von <\/strong><strong>-25\u00b0C bis +65\u00b0C <\/strong><strong>&#8211; Made in Italy!<\/strong><\/h6>\n<p>Mit der 8mm dicken Thermoisolierung wird die Bildung von Kondenswasser an der Innenseite der Scheibe auf ein Minimum reduziert!<\/p>\n<p>Hergestellt aus strapazierf\u00e4higem Polyester, das wetterbest\u00e4ndig und langlebig ist. <strong>Kein Einrei\u00dfen, kein Schrumpfen oder Aufplatzen! <\/strong><span style=\"color: #339966;\"><strong>Das Material ist PVC frei!<\/strong><\/span><\/p>\n<p><strong>Hinweis:<\/strong> Fotos sind ggf. Beispielfotos die nicht das passende Fahrzeug abbilden! Der ausgelieferte Artikel ist dann\u00a0 jedoch passend auf die Beschreibung!<\/p>\n","protected":false},"featured_media":66563,"template":"","meta":{"site-sidebar-layout":"default","site-content-layout":"","ast-site-content-layout":"default","site-content-style":"default","site-sidebar-style":"default","ast-global-header-display":"","ast-banner-title-visibility":"","ast-main-header-display":"","ast-hfb-above-header-display":"","ast-hfb-below-header-display":"","ast-hfb-mobile-header-display":"","site-post-title":"","ast-breadcrumbs-content":"","ast-featured-img":"","footer-sml-layout":"","ast-disable-related-posts":"","theme-transparent-header-meta":"default","adv-header-id-meta":"","stick-header-meta":"","header-above-stick-meta":"","header-main-stick-meta":"","header-below-stick-meta":"","astra-migrate-meta-layouts":"set","ast-page-background-enabled":"default","ast-page-background-meta":{"desktop":{"background-color":"","background-image":"","background-repeat":"repeat","background-position":"center center","background-size":"auto","background-attachment":"scroll","background-type":"","background-media":"","overlay-type":"","overlay-color":"","overlay-opacity":"","overlay-gradient":""},"tablet":{"background-color":"","background-image":"","background-repeat":"repeat","background-position":"center center","background-size":"auto","background-attachment":"scroll","background-type":"","background-media":"","overlay-type":"","overlay-color":"","overlay-opacity":"","overlay-gradient":""},"mobile":{"background-color":"","background-image":"","background-repeat":"repeat","background-position":"center center","background-size":"auto","background-attachment":"scroll","background-type":"","background-media":"","overlay-type":"","overlay-color":"","overlay-opacity":"","overlay-gradient":""}},"ast-content-background-meta":{"desktop":{"background-color":"var(--ast-global-color-5)","background-image":"","background-repeat":"repeat","background-position":"center center","background-size":"auto","background-attachment":"scroll","background-type":"","background-media":"","overlay-type":"","overlay-color":"","overlay-opacity":"","overlay-gradient":""},"tablet":{"background-color":"var(--ast-global-color-5)","background-image":"","background-repeat":"repeat","background-position":"center center","background-size":"auto","background-attachment":"scroll","background-type":"","background-media":"","overlay-type":"","overlay-color":"","overlay-opacity":"","overlay-gradient":""},"mobile":{"background-color":"var(--ast-global-color-5)","background-image":"","background-repeat":"repeat","background-position":"center center","background-size":"auto","background-attachment":"scroll","background-type":"","background-media":"","overlay-type":"","overlay-color":"","overlay-opacity":"","overlay-gradient":""}},"iawp_total_views":660},"product_brand":[],"product_cat":[159],"product_tag":[],"class_list":{"0":"post-60910","1":"product","2":"type-product","3":"status-publish","4":"has-post-thumbnail","6":"product_cat-volkswagen-isolierung","7":"product_shipping_class-groesse-m","8":"desktop-align-left","9":"tablet-align-left","10":"mobile-align-left","11":"ast-product-gallery-layout-horizontal-slider","12":"ast-product-tabs-layout-horizontal","14":"first","15":"onbackorder","16":"taxable","17":"shipping-taxable","18":"purchasable","19":"product-type-simple"},"_links":{"self":[{"href":"https:\/\/campzilla-shop.com\/de\/wp-json\/wp\/v2\/product\/60910","targetHints":{"allow":["GET"]}}],"collection":[{"href":"https:\/\/campzilla-shop.com\/de\/wp-json\/wp\/v2\/product"}],"about":[{"href":"https:\/\/campzilla-shop.com\/de\/wp-json\/wp\/v2\/types\/product"}],"wp:featuredmedia":[{"embeddable":true,"href":"https:\/\/campzilla-shop.com\/de\/wp-json\/wp\/v2\/media\/66563"}],"wp:attachment":[{"href":"https:\/\/campzilla-shop.com\/de\/wp-json\/wp\/v2\/media?parent=60910"}],"wp:term":[{"taxonomy":"product_brand","embeddable":true,"href":"https:\/\/campzilla-shop.com\/de\/wp-json\/wp\/v2\/product_brand?post=60910"},{"taxonomy":"product_cat","embeddable":true,"href":"https:\/\/campzilla-shop.com\/de\/wp-json\/wp\/v2\/product_cat?post=60910"},{"taxonomy":"product_tag","embeddable":true,"href":"https:\/\/campzilla-shop.com\/de\/wp-json\/wp\/v2\/product_tag?post=60910"}],"curies":[{"name":"wp","href":"https:\/\/api.w.org\/{rel}","templated":true}]}}