{"id":60475,"date":"2024-09-15T15:22:31","date_gmt":"2024-09-15T15:22:31","guid":{"rendered":"https:\/\/campzilla-shop.com\/produkt\/sonnensegel-mit-7mm-keder-260m-lang-2\/"},"modified":"2026-03-20T10:50:04","modified_gmt":"2026-03-20T10:50:04","slug":"easy-camp-sonnensegel-canopy","status":"publish","type":"product","link":"https:\/\/campzilla-shop.com\/de\/shop\/easy-camp-sonnensegel-canopy\/","title":{"rendered":"Easy Camp Sonnensegel Canopy, mit 5+7mm Keder, 2,60m lang"},"content":{"rendered":"<div class=\"flex-1 overflow-hidden @container\/thread\">\n<div class=\"h-full\">\n<div class=\"react-scroll-to-bottom--css-rypii-79elbk h-full\">\n<div class=\"react-scroll-to-bottom--css-rypii-1n7m0yu\">\n<div class=\"flex flex-col text-sm md:pb-9\">\n<article class=\"w-full scroll-mb-[var(--thread-trailing-height,150px)] text-token-text-primary focus-visible:outline-2 focus-visible:outline-offset-[-4px]\" dir=\"auto\" data-testid=\"conversation-turn-33\" data-scroll-anchor=\"true\">\n<div class=\"m-auto text-base py-[18px] px-3 md:px-4 w-full md:px-5 lg:px-4 xl:px-5\">\n<div class=\"mx-auto flex flex-1 gap-4 text-base md:gap-5 lg:gap-6 md:max-w-3xl\">\n<div class=\"group\/conversation-turn relative flex w-full min-w-0 flex-col agent-turn\">\n<div class=\"flex-col gap-1 md:gap-3\">\n<div class=\"flex max-w-full flex-col flex-grow\">\n<div class=\"min-h-8 text-message flex w-full flex-col items-end gap-2 whitespace-normal break-words text-start [.text-message+&amp;]:mt-5\" dir=\"auto\" data-message-author-role=\"assistant\" data-message-id=\"0e6ef7bd-8361-4fd8-bcac-2263ba272942\" data-message-model-slug=\"gpt-4o-mini\">\n<div class=\"flex w-full flex-col gap-1 empty:hidden first:pt-[3px]\">\n<div class=\"markdown prose w-full break-words dark:prose-invert dark\">\n<h2><strong>Perfekter Schutz f\u00fcr Deinen Campervan \u2013 Flexibilit\u00e4t f\u00fcr Dein Abenteuer<\/strong><\/h2>\n<p data-start=\"793\" data-end=\"1157\">Mach dein Campingabenteuer komfortabler \u2013 mit dem <strong data-start=\"843\" data-end=\"875\">Easy Camp Sonnensegel Canopy<\/strong>, dem idealen Begleiter f\u00fcr deinen Campervan. Das Sonnensegel bietet dir zuverl\u00e4ssigen Schutz vor Sonne und leichtem Regen und schafft einen gem\u00fctlichen, gesch\u00fctzten Au\u00dfenbereich. Perfekt f\u00fcr entspannte Stunden beim Fr\u00fchst\u00fcck, beim Relaxen oder f\u00fcr gemeinsame Abende mit Freunden.<\/p>\n<p data-start=\"1159\" data-end=\"1459\">Dank der Kederschiene, die bei Modellen wie dem VW California oder Mercedes Marco Polo serienm\u00e4\u00dfig vorhanden ist, l\u00e4sst sich das Canopy im Handumdrehen befestigen. Ohne Bohren oder Schrauben ist der Aufbau schnell erledigt \u2013 und genauso unkompliziert wieder abgebaut, wenn du weiterreisen m\u00f6chtest.<\/p>\n<p data-start=\"1461\" data-end=\"1757\">Das Sonnensegel \u00fcberzeugt durch Flexibilit\u00e4t: Du kannst es variabel seitlich, vorne oder hinten an deinem Van befestigen \u2013 je nachdem, wo du Schatten oder Schutz brauchst. Gleichzeitig sorgt der integrierte UV-Schutz daf\u00fcr, dass du und deine Familie auch an hei\u00dfen Tagen optimal gesch\u00fctzt seid.<\/p>\n<p data-start=\"1759\" data-end=\"2016\">Die robuste, wetterfeste Verarbeitung macht das Canopy langlebig und widerstandsf\u00e4hig. Wenn es nicht gebraucht wird, l\u00e4sst es sich klein zusammenfalten und platzsparend im Campervan verstauen. Ideal f\u00fcr unterwegs, ohne wertvollen Stauraum zu verschwenden.<\/p>\n<h5 data-start=\"2018\" data-end=\"2055\"><strong data-start=\"2018\" data-end=\"2053\">Deine Vorteile auf einen Blick:<\/strong><\/h5>\n<ul data-start=\"2056\" data-end=\"2334\">\n<li data-start=\"2056\" data-end=\"2152\">\n<p data-start=\"2058\" data-end=\"2152\">Perfekte Passform f\u00fcr Campervans mit Kederschiene (z. B. VW California, Mercedes Marco Polo)<\/p>\n<\/li>\n<li data-start=\"2153\" data-end=\"2192\">\n<p data-start=\"2155\" data-end=\"2192\">Schutz vor Sonne und leichtem Regen<\/p>\n<\/li>\n<li data-start=\"2193\" data-end=\"2244\">\n<p data-start=\"2195\" data-end=\"2244\">Schneller, unkomplizierter Aufbau ohne Werkzeug<\/p>\n<\/li>\n<li data-start=\"2245\" data-end=\"2278\">\n<p data-start=\"2247\" data-end=\"2278\">Kompakt &amp; leicht zu verstauen<\/p>\n<\/li>\n<li data-start=\"2279\" data-end=\"2334\">\n<p data-start=\"2281\" data-end=\"2334\">Robuste, langlebige Materialien \u2013 ideal f\u00fcr Outdoor<\/p>\n<\/li>\n<\/ul>\n<p data-start=\"2336\" data-end=\"2503\">Das <strong data-start=\"2340\" data-end=\"2372\">Easy Camp Sonnensegel Canopy<\/strong> ist die clevere L\u00f6sung, um deinen Campervan noch vielseitiger zu nutzen und jeden Aufenthalt im Freien komfortabel zu gestalten.<\/p>\n<\/div>\n<\/div>\n<\/div>\n<\/div>\n<\/div>\n<\/div>\n<\/div>\n<\/div>\n<\/article>\n<\/div>\n<\/div>\n<\/div>\n<\/div>\n<\/div>\n","protected":false},"excerpt":{"rendered":"<p><strong>Wichtiges zum Sonnensegel<\/strong><\/p>\n<section>Seitenklappen f\u00fcr mehr Stabilit\u00e4t und Schatten<\/section>\n<section>Einfacher Aufbau<\/section>\n<section>Wird mit Keder oder mit Abspannleinen \u00fcber dem Dach befestigt<\/section>\n<p><strong>\u00dcberzelt:<\/strong> WeatherGuard 3000, 185T Polyester, PU-beschichtet, Flammhemmend<br \/>\n<strong>N\u00e4hte:<\/strong> alle N\u00e4hte abgedichtet<br \/>\n<strong>Wassers\u00e4ule:<\/strong> 3000 mm<br \/>\n<strong>Dach-Befestigungsl\u00e4nge:<\/strong> 260 cm<br \/>\n<strong>Anbauh\u00f6he:<\/strong> 150 &#8211; 260 cm<br \/>\n<strong>Keder-Durchmesser:<\/strong> 5 mm und 7 mm<br \/>\n<strong>Gest\u00e4nge:<\/strong> Stahl, 19 mm<br \/>\n<strong>Farbe:<\/strong> grau<br \/>\n<strong>\u00dcberzelt:<\/strong> 100% Polyester<br \/>\n<strong>Packma\u00df:<\/strong> 65 x 12 cm<br \/>\n<strong>Gewicht:<\/strong> 2.3 kg<\/p>\n<p><strong>Zwei Aufstellstangen sind inklusive!<\/strong><\/p>\n","protected":false},"featured_media":59037,"template":"","meta":{"site-sidebar-layout":"default","site-content-layout":"","ast-site-content-layout":"default","site-content-style":"default","site-sidebar-style":"default","ast-global-header-display":"","ast-banner-title-visibility":"","ast-main-header-display":"","ast-hfb-above-header-display":"","ast-hfb-below-header-display":"","ast-hfb-mobile-header-display":"","site-post-title":"","ast-breadcrumbs-content":"","ast-featured-img":"","footer-sml-layout":"","ast-disable-related-posts":"","theme-transparent-header-meta":"default","adv-header-id-meta":"","stick-header-meta":"","header-above-stick-meta":"","header-main-stick-meta":"","header-below-stick-meta":"","astra-migrate-meta-layouts":"set","ast-page-background-enabled":"default","ast-page-background-meta":{"desktop":{"background-color":"","background-image":"","background-repeat":"repeat","background-position":"center center","background-size":"auto","background-attachment":"scroll","background-type":"","background-media":"","overlay-type":"","overlay-color":"","overlay-opacity":"","overlay-gradient":""},"tablet":{"background-color":"","background-image":"","background-repeat":"repeat","background-position":"center center","background-size":"auto","background-attachment":"scroll","background-type":"","background-media":"","overlay-type":"","overlay-color":"","overlay-opacity":"","overlay-gradient":""},"mobile":{"background-color":"","background-image":"","background-repeat":"repeat","background-position":"center center","background-size":"auto","background-attachment":"scroll","background-type":"","background-media":"","overlay-type":"","overlay-color":"","overlay-opacity":"","overlay-gradient":""}},"ast-content-background-meta":{"desktop":{"background-color":"var(--ast-global-color-5)","background-image":"","background-repeat":"repeat","background-position":"center center","background-size":"auto","background-attachment":"scroll","background-type":"","background-media":"","overlay-type":"","overlay-color":"","overlay-opacity":"","overlay-gradient":""},"tablet":{"background-color":"var(--ast-global-color-5)","background-image":"","background-repeat":"repeat","background-position":"center center","background-size":"auto","background-attachment":"scroll","background-type":"","background-media":"","overlay-type":"","overlay-color":"","overlay-opacity":"","overlay-gradient":""},"mobile":{"background-color":"var(--ast-global-color-5)","background-image":"","background-repeat":"repeat","background-position":"center center","background-size":"auto","background-attachment":"scroll","background-type":"","background-media":"","overlay-type":"","overlay-color":"","overlay-opacity":"","overlay-gradient":""}},"iawp_total_views":128},"product_brand":[],"product_cat":[161],"product_tag":[],"class_list":{"0":"post-60475","1":"product","2":"type-product","3":"status-publish","4":"has-post-thumbnail","6":"product_cat-sonnensegel-vorzelte","7":"product_shipping_class-groesse-s","8":"desktop-align-left","9":"tablet-align-left","10":"mobile-align-left","11":"ast-product-gallery-layout-horizontal-slider","12":"ast-product-tabs-layout-horizontal","14":"first","15":"instock","16":"sale","17":"taxable","18":"shipping-taxable","19":"purchasable","20":"product-type-simple"},"_links":{"self":[{"href":"https:\/\/campzilla-shop.com\/de\/wp-json\/wp\/v2\/product\/60475","targetHints":{"allow":["GET"]}}],"collection":[{"href":"https:\/\/campzilla-shop.com\/de\/wp-json\/wp\/v2\/product"}],"about":[{"href":"https:\/\/campzilla-shop.com\/de\/wp-json\/wp\/v2\/types\/product"}],"wp:featuredmedia":[{"embeddable":true,"href":"https:\/\/campzilla-shop.com\/de\/wp-json\/wp\/v2\/media\/59037"}],"wp:attachment":[{"href":"https:\/\/campzilla-shop.com\/de\/wp-json\/wp\/v2\/media?parent=60475"}],"wp:term":[{"taxonomy":"product_brand","embeddable":true,"href":"https:\/\/campzilla-shop.com\/de\/wp-json\/wp\/v2\/product_brand?post=60475"},{"taxonomy":"product_cat","embeddable":true,"href":"https:\/\/campzilla-shop.com\/de\/wp-json\/wp\/v2\/product_cat?post=60475"},{"taxonomy":"product_tag","embeddable":true,"href":"https:\/\/campzilla-shop.com\/de\/wp-json\/wp\/v2\/product_tag?post=60475"}],"curies":[{"name":"wp","href":"https:\/\/api.w.org\/{rel}","templated":true}]}}