{"id":60454,"date":"2024-09-13T09:30:01","date_gmt":"2024-09-13T09:30:01","guid":{"rendered":"https:\/\/campzilla-shop.com\/produkt\/seitenplanen-outwell-fallcrest-fuer-jede-markise-2\/"},"modified":"2025-09-04T08:41:47","modified_gmt":"2025-09-04T08:41:47","slug":"seitenwaende-fallcrest-outwell","status":"publish","type":"product","link":"https:\/\/campzilla-shop.com\/de\/shop\/seitenwaende-fallcrest-outwell\/","title":{"rendered":"Seitenw\u00e4nde, Fallcrest Outwell \u2013 f\u00fcr jede Markise, Schutz vor Sonne, Regen und Wind"},"content":{"rendered":"<div class=\"flex-1 overflow-hidden @container\/thread\">\n<div class=\"h-full\">\n<div class=\"react-scroll-to-bottom--css-rypii-79elbk h-full\">\n<div class=\"react-scroll-to-bottom--css-rypii-1n7m0yu\">\n<div class=\"flex flex-col text-sm md:pb-9\">\n<article class=\"w-full scroll-mb-[var(--thread-trailing-height,150px)] text-token-text-primary focus-visible:outline-2 focus-visible:outline-offset-[-4px]\" dir=\"auto\" data-testid=\"conversation-turn-35\" data-scroll-anchor=\"true\">\n<div class=\"m-auto text-base py-[18px] px-3 md:px-4 w-full md:px-5 lg:px-4 xl:px-5\">\n<div class=\"mx-auto flex flex-1 gap-4 text-base md:gap-5 lg:gap-6 md:max-w-3xl\">\n<div class=\"group\/conversation-turn relative flex w-full min-w-0 flex-col agent-turn\">\n<div class=\"flex-col gap-1 md:gap-3\">\n<div class=\"flex max-w-full flex-col flex-grow\">\n<div class=\"min-h-8 text-message flex w-full flex-col items-end gap-2 whitespace-normal break-words text-start [.text-message+&amp;]:mt-5\" dir=\"auto\" data-message-author-role=\"assistant\" data-message-id=\"a378d837-ae31-4c1f-b0f5-0c4c3133d923\" data-message-model-slug=\"gpt-4o-mini\">\n<div class=\"flex w-full flex-col gap-1 empty:hidden first:pt-[3px]\">\n<div class=\"markdown prose w-full break-words dark:prose-invert dark\">\n<h2><strong>Privatsph\u00e4re und Schutz in Einem<\/strong><\/h2>\n<p>Du m\u00f6chtest Deinen Campingurlaub noch komfortabler und privater gestalten? Dann sind die Seitenw\u00e4nde <strong>Fallcrest Outwell<\/strong> die ideale L\u00f6sung f\u00fcr Dich! Diese hochwertigen Seitenw\u00e4nde sind speziell f\u00fcr den Einsatz mit g\u00e4ngigen Markisen wie <strong>Fiamma<\/strong>, <strong>Thule<\/strong> oder <strong>Omnistore<\/strong> entwickelt worden und bieten Dir zus\u00e4tzlichen Schutz, Privatsph\u00e4re und Komfort, wo immer Du Deine Reisen hinf\u00fchren. Ob im Regen, bei starkem Wind oder intensiver Sonneneinstrahlung \u2013 die <strong>Fallcrest Outwell Seitenw\u00e4nde<\/strong>\u00a0machen Deinen Campingbereich flexibler, sicherer und gem\u00fctlicher.<\/p>\n<h5 data-start=\"126\" data-end=\"216\"><strong data-start=\"126\" data-end=\"216\">Flexibler Sonne-, Wind- und Sichtschutz\u00a0<\/strong><\/h5>\n<p class=\"\" data-start=\"218\" data-end=\"332\"><span class=\"relative -mx-px my-[-0.2rem] rounded px-px py-[0.2rem] transition-colors duration-100 ease-in-out\">Erweitere deinen Campingkomfort mit dem <strong data-start=\"40\" data-end=\"78\">Outwell Fallcrest Seitenplanen-Set<\/strong>.<\/span> <span class=\"relative -mx-px my-[-0.2rem] rounded px-px py-[0.2rem] transition-colors duration-100 ease-in-out\">Dieses Set bietet dir zus\u00e4tzlichen Schutz vor Wind, Sonne und neugierigen Blicken \u2013 perfekt f\u00fcr deinen VW California oder andere Campervans.<\/span><\/p>\n<p class=\"\" data-start=\"334\" data-end=\"452\"><span class=\"relative -mx-px my-[-0.2rem] rounded px-px py-[0.2rem] transition-colors duration-100 ease-in-out\">Die beiden Seitenw\u00e4nde lassen sich schnell und einfach mittels Rei\u00dfverschlusstaschen an den Gelenkarmen deiner Markise befestigen.<\/span> <span class=\"relative -mx-px my-[-0.2rem] rounded px-px py-[0.2rem] transition-colors duration-100 ease-in-out\">Dank der M\u00f6glichkeit, die Planen teilweise oder vollst\u00e4ndig aufzurollen und mit Knebeln zu fixieren, kannst du flexibel auf wechselnde Wetterbedingungen reagieren.<\/span><\/p>\n<h5 data-start=\"454\" data-end=\"477\"><strong data-start=\"454\" data-end=\"477\">Technische Details:<\/strong><\/h5>\n<ul data-start=\"479\" data-end=\"969\">\n<li class=\"\" data-start=\"479\" data-end=\"534\">\n<p class=\"\" data-start=\"481\" data-end=\"534\"><strong data-start=\"481\" data-end=\"494\">Material:<\/strong> <span class=\"relative -mx-px my-[-0.2rem] rounded px-px py-[0.2rem] transition-colors duration-100 ease-in-out\">Outtex\u00ae 3000 Select CARE Polyester (100\u202f% recyceltes Polyester)<\/span><\/p>\n<\/li>\n<li class=\"\" data-start=\"535\" data-end=\"591\">\n<p class=\"\" data-start=\"537\" data-end=\"591\"><strong data-start=\"537\" data-end=\"551\">UV-Schutz:<\/strong> <span class=\"relative -mx-px my-[-0.2rem] rounded px-px py-[0.2rem] transition-colors duration-100 ease-in-out\">UPF 30+<\/span><\/p>\n<\/li>\n<li class=\"\" data-start=\"592\" data-end=\"650\">\n<p class=\"\" data-start=\"594\" data-end=\"650\"><strong data-start=\"594\" data-end=\"610\">Wassers\u00e4ule:<\/strong> <span class=\"relative -mx-px my-[-0.2rem] rounded px-px py-[0.2rem] transition-colors duration-100 ease-in-out\">3000\u202fmm<\/span><\/p>\n<\/li>\n<li class=\"\" data-start=\"651\" data-end=\"710\">\n<p class=\"\" data-start=\"653\" data-end=\"710\"><strong data-start=\"653\" data-end=\"670\">Ma\u00dfe (B\u202f\u00d7\u202fH):<\/strong> <span class=\"relative -mx-px my-[-0.2rem] rounded px-px py-[0.2rem] transition-colors duration-100 ease-in-out\">180\u202f\u00d7\u202f185\u202fcm<\/span><\/p>\n<\/li>\n<li class=\"\" data-start=\"711\" data-end=\"765\">\n<p class=\"\" data-start=\"713\" data-end=\"765\"><strong data-start=\"713\" data-end=\"725\">Packma\u00df:<\/strong> <span class=\"relative -mx-px my-[-0.2rem] rounded px-px py-[0.2rem] transition-colors duration-100 ease-in-out\">45\u202f\u00d7\u202f32\u202f\u00d7\u202f5\u202fcm<\/span><\/p>\n<\/li>\n<li class=\"\" data-start=\"766\" data-end=\"820\">\n<p class=\"\" data-start=\"768\" data-end=\"820\"><strong data-start=\"768\" data-end=\"780\">Gewicht:<\/strong> <span class=\"relative -mx-px my-[-0.2rem] rounded px-px py-[0.2rem] transition-colors duration-100 ease-in-out\">1,1\u202fkg<\/span><\/p>\n<\/li>\n<li class=\"\" data-start=\"821\" data-end=\"877\">\n<p class=\"\" data-start=\"823\" data-end=\"877\"><strong data-start=\"823\" data-end=\"837\">Anbauh\u00f6he:<\/strong> <span class=\"relative -mx-px my-[-0.2rem] rounded px-px py-[0.2rem] transition-colors duration-100 ease-in-out\">175\u2013200\u202fcm<\/span><\/p>\n<\/li>\n<li class=\"\" data-start=\"878\" data-end=\"969\">\n<p class=\"\" data-start=\"880\" data-end=\"969\"><strong data-start=\"880\" data-end=\"890\">Farbe:<\/strong> <span class=\"relative -mx-px my-[-0.2rem] rounded px-px py-[0.2rem] transition-colors duration-100 ease-in-out\">Olivgr\u00fcn\/Grau<\/span><\/p>\n<\/li>\n<\/ul>\n<p class=\"\" data-start=\"971\" data-end=\"1089\"><span class=\"relative -mx-px my-[-0.2rem] rounded px-px py-[0.2rem] transition-colors duration-100 ease-in-out\">Die hintere Wand ist schmaler gestaltet, um das \u00d6ffnen von Schiebet\u00fcren zu erleichtern.<\/span> <span class=\"relative -mx-px my-[-0.2rem] rounded px-px py-[0.2rem] transition-colors duration-100 ease-in-out\">Mit dem Outwell Fallcrest Seitenplanen-Set schaffst du dir im Handumdrehen einen gesch\u00fctzten und privaten Raum \u2013 ideal f\u00fcr entspannte Stunden im Freien<\/span><\/p>\n<\/div>\n<\/div>\n<\/div>\n<\/div>\n<\/div>\n<\/div>\n<\/div>\n<\/div>\n<\/article>\n<\/div>\n<\/div>\n<\/div>\n<\/div>\n<\/div>\n","protected":false},"excerpt":{"rendered":"<p>Schluss mit den Sorgen um das Wetter und neugierige Blicke \u2013 genie\u00dfe Deine Freiheit auf Reisen mit den <strong>Seitenplanen Fallcrest Outwell<\/strong>!<\/p>\n<p><strong>Weitere Merkmale:<\/strong><\/p>\n<p>&#8211; geringes Gewicht und geringes Packma\u00df<br \/>\n&#8211; passt an ausspann- oder ausrollbare Markisen<br \/>\n&#8211; kann teilweise oder vollst\u00e4ndig aufgerollt werden<br \/>\n&#8211; bietet Schatten, Schutz und Privatsph\u00e4re<br \/>\n&#8211; l\u00e4sst sich m\u00fchelos und schnell anbringen und entfernen<br \/>\n&#8211; die hintere Wand ist schmaler, damit Autos mit Schiebet\u00fcr leichter ge\u00f6ffnet werden k\u00f6nnen<br \/>\n&#8211; Befestigung erfolgt mit robusten Outwell-Rei\u00dfverschl\u00fcssen<\/p>\n","protected":false},"featured_media":59027,"template":"","meta":{"site-sidebar-layout":"default","site-content-layout":"","ast-site-content-layout":"default","site-content-style":"default","site-sidebar-style":"default","ast-global-header-display":"","ast-banner-title-visibility":"","ast-main-header-display":"","ast-hfb-above-header-display":"","ast-hfb-below-header-display":"","ast-hfb-mobile-header-display":"","site-post-title":"","ast-breadcrumbs-content":"","ast-featured-img":"","footer-sml-layout":"","ast-disable-related-posts":"","theme-transparent-header-meta":"default","adv-header-id-meta":"","stick-header-meta":"","header-above-stick-meta":"","header-main-stick-meta":"","header-below-stick-meta":"","astra-migrate-meta-layouts":"set","ast-page-background-enabled":"default","ast-page-background-meta":{"desktop":{"background-color":"","background-image":"","background-repeat":"repeat","background-position":"center center","background-size":"auto","background-attachment":"scroll","background-type":"","background-media":"","overlay-type":"","overlay-color":"","overlay-opacity":"","overlay-gradient":""},"tablet":{"background-color":"","background-image":"","background-repeat":"repeat","background-position":"center center","background-size":"auto","background-attachment":"scroll","background-type":"","background-media":"","overlay-type":"","overlay-color":"","overlay-opacity":"","overlay-gradient":""},"mobile":{"background-color":"","background-image":"","background-repeat":"repeat","background-position":"center center","background-size":"auto","background-attachment":"scroll","background-type":"","background-media":"","overlay-type":"","overlay-color":"","overlay-opacity":"","overlay-gradient":""}},"ast-content-background-meta":{"desktop":{"background-color":"var(--ast-global-color-5)","background-image":"","background-repeat":"repeat","background-position":"center center","background-size":"auto","background-attachment":"scroll","background-type":"","background-media":"","overlay-type":"","overlay-color":"","overlay-opacity":"","overlay-gradient":""},"tablet":{"background-color":"var(--ast-global-color-5)","background-image":"","background-repeat":"repeat","background-position":"center center","background-size":"auto","background-attachment":"scroll","background-type":"","background-media":"","overlay-type":"","overlay-color":"","overlay-opacity":"","overlay-gradient":""},"mobile":{"background-color":"var(--ast-global-color-5)","background-image":"","background-repeat":"repeat","background-position":"center center","background-size":"auto","background-attachment":"scroll","background-type":"","background-media":"","overlay-type":"","overlay-color":"","overlay-opacity":"","overlay-gradient":""}},"iawp_total_views":56},"product_brand":[],"product_cat":[161],"product_tag":[],"class_list":{"0":"post-60454","1":"product","2":"type-product","3":"status-publish","4":"has-post-thumbnail","6":"product_cat-sonnensegel-vorzelte","7":"product_shipping_class-groesse-s","8":"desktop-align-left","9":"tablet-align-left","10":"mobile-align-left","11":"ast-product-gallery-layout-horizontal-slider","12":"ast-product-tabs-layout-horizontal","14":"first","15":"instock","16":"sale","17":"taxable","18":"shipping-taxable","19":"purchasable","20":"product-type-simple"},"_links":{"self":[{"href":"https:\/\/campzilla-shop.com\/de\/wp-json\/wp\/v2\/product\/60454","targetHints":{"allow":["GET"]}}],"collection":[{"href":"https:\/\/campzilla-shop.com\/de\/wp-json\/wp\/v2\/product"}],"about":[{"href":"https:\/\/campzilla-shop.com\/de\/wp-json\/wp\/v2\/types\/product"}],"wp:featuredmedia":[{"embeddable":true,"href":"https:\/\/campzilla-shop.com\/de\/wp-json\/wp\/v2\/media\/59027"}],"wp:attachment":[{"href":"https:\/\/campzilla-shop.com\/de\/wp-json\/wp\/v2\/media?parent=60454"}],"wp:term":[{"taxonomy":"product_brand","embeddable":true,"href":"https:\/\/campzilla-shop.com\/de\/wp-json\/wp\/v2\/product_brand?post=60454"},{"taxonomy":"product_cat","embeddable":true,"href":"https:\/\/campzilla-shop.com\/de\/wp-json\/wp\/v2\/product_cat?post=60454"},{"taxonomy":"product_tag","embeddable":true,"href":"https:\/\/campzilla-shop.com\/de\/wp-json\/wp\/v2\/product_tag?post=60454"}],"curies":[{"name":"wp","href":"https:\/\/api.w.org\/{rel}","templated":true}]}}