{"id":60219,"date":"2024-09-10T13:33:16","date_gmt":"2024-09-10T13:33:16","guid":{"rendered":"https:\/\/campzilla-shop.com\/produkt\/fenstertasche-vw-t7-multivan-kurzer-radstand-2022-2\/"},"modified":"2026-02-25T14:01:29","modified_gmt":"2026-02-25T14:01:29","slug":"fenstertaschen-vw-t7-multivan","status":"publish","type":"product","link":"https:\/\/campzilla-shop.com\/de\/shop\/fenstertaschen-vw-t7-multivan\/","title":{"rendered":"Fenstertaschen VW T7 Multivan kurzer Radstand >2024"},"content":{"rendered":"<h2><strong>Mehr Stauraum im Van<\/strong><\/h2>\n<p data-start=\"739\" data-end=\"990\">Mache dein Vanlife noch komfortabler mit den Fenstertaschen f\u00fcr den VW T7 Multivan (kurzer Radstand). Speziell entwickelt f\u00fcr diese Modelle, bieten sie optimalen Stauraum f\u00fcr deine Ausr\u00fcstung \u2013 ob f\u00fcr lange Reisen, Wochenendausfl\u00fcge oder den Alltag.<\/p>\n<p data-start=\"992\" data-end=\"1199\">Gefertigt aus robustem, wetterfestem Oxfordgewebe sind die Taschen schmutzabweisend, extrem rei\u00dffest und langlebig. YKK Rei\u00dfverschl\u00fcsse und aufgen\u00e4hte Verst\u00e4rkungsb\u00e4nder garantieren zus\u00e4tzliche Stabilit\u00e4t.<\/p>\n<p data-start=\"1201\" data-end=\"1430\">Das patentierte Tr\u00e4gersystem aus pulverbeschichtetem Aluminium erm\u00f6glicht eine einfache, werkzeugfreie Montage. Gummipuffer sch\u00fctzen deinen Van vor Kratzern und sorgen f\u00fcr eine ger\u00e4uschged\u00e4mpfte Nutzung ohne st\u00f6rendes Klappern.<\/p>\n<p data-start=\"1432\" data-end=\"1713\">Die Fenstertaschen sind perfekt auf den VW T7 Multivan mit kurzem Radstand abgestimmt und lassen sich leicht entnehmen, sodass du jederzeit schnellen Zugriff auf deine Sachen hast. Die sichere Passform beeintr\u00e4chtigt nicht die Sicht und sorgt f\u00fcr stabilen Halt w\u00e4hrend der Fahrt.<\/p>\n<p data-start=\"1715\" data-end=\"1915\">Hergestellt in der EU nach h\u00f6chsten Qualit\u00e4tsstandards, vereinen die Fenstertaschen Funktionalit\u00e4t, Langlebigkeit und Komfort \u2013 ein unverzichtbares Zubeh\u00f6r f\u00fcr jeden Camper und Vanlife-Enthusiasten.<\/p>\n<p data-start=\"1917\" data-end=\"1954\"><strong data-start=\"1917\" data-end=\"1952\">Deine Vorteile auf einen Blick:<\/strong><\/p>\n<ul data-start=\"1955\" data-end=\"2221\">\n<li data-start=\"1955\" data-end=\"2019\">\n<p data-start=\"1957\" data-end=\"2019\">Optimale Staurauml\u00f6sung f\u00fcr VW T7 Multivan (kurzer Radstand)<\/p>\n<\/li>\n<li data-start=\"2020\" data-end=\"2064\">\n<p data-start=\"2022\" data-end=\"2064\">Wetterfestes, strapazierf\u00e4higes Material<\/p>\n<\/li>\n<li data-start=\"2065\" data-end=\"2108\">\n<p data-start=\"2067\" data-end=\"2108\">Einfaches, werkzeugfreies Montagesystem<\/p>\n<\/li>\n<li data-start=\"2109\" data-end=\"2171\">\n<p data-start=\"2111\" data-end=\"2171\">Robuste, langlebige Konstruktion f\u00fcr den t\u00e4glichen Einsatz<\/p>\n<\/li>\n<li data-start=\"2172\" data-end=\"2221\">\n<p data-start=\"2174\" data-end=\"2221\">Sicherer Halt ohne Beeintr\u00e4chtigung der Sicht<\/p>\n<\/li>\n<\/ul>\n","protected":false},"excerpt":{"rendered":"<div class=\"ast-blog-featured-section post-thumb ast-blog-single-element\"><strong style=\"font-size: 16px;\">Made in EU \u2013 Hochwertige Qualit\u00e4t<\/strong><\/div>\n<div class=\"ast-excerpt-container ast-blog-single-element\">\n<p>Das Taschensystem ist in der EU gefertigt und erf\u00fcllt h\u00f6chste Qualit\u00e4tsstandards. Vertraue auf Funktionalit\u00e4t und Langlebigkeit, die deinem Vanlife den entscheidenden Komfort verleihen!<\/p>\n<p>\u2022 Schmutzabweisendes, rei\u00dffestes Oxfordgewebe<br \/>\n\u2022 Extrem hohe Belastbarkeit durch aufgen\u00e4hte Verst\u00e4rkungsb\u00e4nder<br \/>\n\u2022 Patentiertes Tr\u00e4gersystem aus pulverbeschichtetem Aluminium<br \/>\n\u2022 Kein Bohren oder Kleben n\u00f6tig<br \/>\n\u2022 Gummipuffer sch\u00fctzen deinen Van vor l\u00e4stigen Kratzern und Schrammen<br \/>\n\u2022 Super einfache Montage<br \/>\n\u2022 Ger\u00e4uschged\u00e4mpft (kein Klappern)<\/p>\n<p><strong>Lieferumfang:<\/strong> zwei Fenstertaschen inkl. Tr\u00e4gersystem (mit Thermomatten). Einzelne Taschen bitte extra anfragen.<\/p>\n<p>&nbsp;<\/p>\n<\/div>\n","protected":false},"featured_media":65609,"template":"","meta":{"site-sidebar-layout":"default","site-content-layout":"","ast-site-content-layout":"default","site-content-style":"default","site-sidebar-style":"default","ast-global-header-display":"","ast-banner-title-visibility":"","ast-main-header-display":"","ast-hfb-above-header-display":"","ast-hfb-below-header-display":"","ast-hfb-mobile-header-display":"","site-post-title":"","ast-breadcrumbs-content":"","ast-featured-img":"","footer-sml-layout":"","ast-disable-related-posts":"","theme-transparent-header-meta":"default","adv-header-id-meta":"","stick-header-meta":"","header-above-stick-meta":"","header-main-stick-meta":"","header-below-stick-meta":"","astra-migrate-meta-layouts":"set","ast-page-background-enabled":"default","ast-page-background-meta":{"desktop":{"background-color":"","background-image":"","background-repeat":"repeat","background-position":"center center","background-size":"auto","background-attachment":"scroll","background-type":"","background-media":"","overlay-type":"","overlay-color":"","overlay-opacity":"","overlay-gradient":""},"tablet":{"background-color":"","background-image":"","background-repeat":"repeat","background-position":"center center","background-size":"auto","background-attachment":"scroll","background-type":"","background-media":"","overlay-type":"","overlay-color":"","overlay-opacity":"","overlay-gradient":""},"mobile":{"background-color":"","background-image":"","background-repeat":"repeat","background-position":"center center","background-size":"auto","background-attachment":"scroll","background-type":"","background-media":"","overlay-type":"","overlay-color":"","overlay-opacity":"","overlay-gradient":""}},"ast-content-background-meta":{"desktop":{"background-color":"var(--ast-global-color-5)","background-image":"","background-repeat":"repeat","background-position":"center center","background-size":"auto","background-attachment":"scroll","background-type":"","background-media":"","overlay-type":"","overlay-color":"","overlay-opacity":"","overlay-gradient":""},"tablet":{"background-color":"var(--ast-global-color-5)","background-image":"","background-repeat":"repeat","background-position":"center center","background-size":"auto","background-attachment":"scroll","background-type":"","background-media":"","overlay-type":"","overlay-color":"","overlay-opacity":"","overlay-gradient":""},"mobile":{"background-color":"var(--ast-global-color-5)","background-image":"","background-repeat":"repeat","background-position":"center center","background-size":"auto","background-attachment":"scroll","background-type":"","background-media":"","overlay-type":"","overlay-color":"","overlay-opacity":"","overlay-gradient":""}},"iawp_total_views":179},"product_brand":[],"product_cat":[156],"product_tag":[],"class_list":{"0":"post-60219","1":"product","2":"type-product","3":"status-publish","4":"has-post-thumbnail","6":"product_cat-volkswagen","7":"product_shipping_class-groesse-m","8":"desktop-align-left","9":"tablet-align-left","10":"mobile-align-left","11":"ast-product-gallery-layout-horizontal-slider","12":"ast-product-tabs-layout-horizontal","14":"first","15":"onbackorder","16":"taxable","17":"shipping-taxable","18":"purchasable","19":"product-type-simple"},"_links":{"self":[{"href":"https:\/\/campzilla-shop.com\/de\/wp-json\/wp\/v2\/product\/60219","targetHints":{"allow":["GET"]}}],"collection":[{"href":"https:\/\/campzilla-shop.com\/de\/wp-json\/wp\/v2\/product"}],"about":[{"href":"https:\/\/campzilla-shop.com\/de\/wp-json\/wp\/v2\/types\/product"}],"wp:featuredmedia":[{"embeddable":true,"href":"https:\/\/campzilla-shop.com\/de\/wp-json\/wp\/v2\/media\/65609"}],"wp:attachment":[{"href":"https:\/\/campzilla-shop.com\/de\/wp-json\/wp\/v2\/media?parent=60219"}],"wp:term":[{"taxonomy":"product_brand","embeddable":true,"href":"https:\/\/campzilla-shop.com\/de\/wp-json\/wp\/v2\/product_brand?post=60219"},{"taxonomy":"product_cat","embeddable":true,"href":"https:\/\/campzilla-shop.com\/de\/wp-json\/wp\/v2\/product_cat?post=60219"},{"taxonomy":"product_tag","embeddable":true,"href":"https:\/\/campzilla-shop.com\/de\/wp-json\/wp\/v2\/product_tag?post=60219"}],"curies":[{"name":"wp","href":"https:\/\/api.w.org\/{rel}","templated":true}]}}