{"id":5,"date":"2024-11-14T12:32:36","date_gmt":"2024-11-14T12:32:36","guid":{"rendered":"https:\/\/campzilla-shop.com\/about\/"},"modified":"2024-12-11T15:51:02","modified_gmt":"2024-12-11T15:51:02","slug":"ueber-campzilla","status":"publish","type":"page","link":"https:\/\/campzilla-shop.com\/de\/ueber-campzilla\/","title":{"rendered":"\u00dcber Campzilla"},"content":{"rendered":"\t\t<div data-elementor-type=\"wp-post\" data-elementor-id=\"5\" class=\"elementor elementor-5\" data-elementor-post-type=\"page\">\n\t\t\t\t<div class=\"elementor-element elementor-element-641c5419 e-con-full e-flex e-con e-parent\" data-id=\"641c5419\" data-element_type=\"container\" data-e-type=\"container\" data-settings=\"{&quot;background_background&quot;:&quot;classic&quot;}\">\n\t\t<div class=\"elementor-element elementor-element-7640d18e e-con-full e-flex e-con e-child\" data-id=\"7640d18e\" data-element_type=\"container\" data-e-type=\"container\">\n\t\t\t\t<div class=\"elementor-element elementor-element-712e031 elementor-widget elementor-widget-heading\" data-id=\"712e031\" data-element_type=\"widget\" data-e-type=\"widget\" data-widget_type=\"heading.default\">\n\t\t\t\t<div class=\"elementor-widget-container\">\n\t\t\t\t\t<h2 class=\"elementor-heading-title elementor-size-default\">\u00dcber Uns<\/h2>\t\t\t\t<\/div>\n\t\t\t\t<\/div>\n\t\t\t\t<div class=\"elementor-element elementor-element-9d7dbcb elementor-widget elementor-widget-text-editor\" data-id=\"9d7dbcb\" data-element_type=\"widget\" data-e-type=\"widget\" data-widget_type=\"text-editor.default\">\n\t\t\t\t<div class=\"elementor-widget-container\">\n\t\t\t\t\t\t\t\t\t<p>&#8222;Uns&#8220; ist vielleicht ein bisschen \u00fcbertrieben \u2013 hinter Campzilla stecke ich allein, begleitet von meinen zwei Hunden.<\/p><p>Meine Leidenschaft f\u00fcrs Camping entdeckte ich vor rund 10 Jahren, als ich von Berlin nach S\u00fcdtirol in Italien zog. Seitdem bin ich oft unterwegs, immer auf Entdeckungsreise \u2013 mit meinem Land Rover Defender und meinen beiden treuen Cocker Spaniels im Gep\u00e4ck.<\/p><p>Nach \u00fcber drei Jahren Arbeit in einem Campingfachgesch\u00e4ft entschied ich mich, meinen eigenen Weg zu gehen, und gr\u00fcndete Campzilla: einen Ort, an dem ich spannende und n\u00fctzliche Artikel f\u00fcr Camper und Van-Enthusiasten mit Begeisterung teile.<\/p><p>Dabei geht es nicht nur um praktische Ausr\u00fcstung, sondern auch um innovative Produkte, die das Reisen und Leben auf vier R\u00e4dern noch sch\u00f6ner und komfortabler machen.<\/p><p>Begleite mich auf dieser Reise und entdecke die besten Produkte, die dein Abenteuer bereichern!<\/p>\t\t\t\t\t\t\t\t<\/div>\n\t\t\t\t<\/div>\n\t\t\t\t<div class=\"elementor-element elementor-element-6213f1b2 elementor-hidden-tablet elementor-hidden-mobile elementor-widget elementor-widget-image\" data-id=\"6213f1b2\" data-element_type=\"widget\" data-e-type=\"widget\" data-widget_type=\"image.default\">\n\t\t\t\t<div class=\"elementor-widget-container\">\n\t\t\t\t\t\t\t\t\t\t\t\t\t\t\t<img fetchpriority=\"high\" decoding=\"async\" width=\"1024\" height=\"768\" src=\"https:\/\/campzilla-shop.com\/wp-content\/uploads\/2024\/12\/Campzilla-Shop_Land-Rover-Defender-110_Chloe.jpeg-1024x768.webp\" class=\"attachment-large size-large wp-image-56572\" alt=\"\" srcset=\"https:\/\/campzilla-shop.com\/wp-content\/uploads\/2024\/12\/Campzilla-Shop_Land-Rover-Defender-110_Chloe.jpeg-1024x768.webp 1024w, https:\/\/campzilla-shop.com\/wp-content\/uploads\/2024\/12\/Campzilla-Shop_Land-Rover-Defender-110_Chloe.jpeg-1028x771.webp 1028w, https:\/\/campzilla-shop.com\/wp-content\/uploads\/2024\/12\/Campzilla-Shop_Land-Rover-Defender-110_Chloe.jpeg-300x225.webp 300w, https:\/\/campzilla-shop.com\/wp-content\/uploads\/2024\/12\/Campzilla-Shop_Land-Rover-Defender-110_Chloe.jpeg-768x576.webp 768w, https:\/\/campzilla-shop.com\/wp-content\/uploads\/2024\/12\/Campzilla-Shop_Land-Rover-Defender-110_Chloe.jpeg.webp 1533w\" sizes=\"(max-width: 1024px) 100vw, 1024px\">\t\t\t\t\t\t\t\t\t\t\t\t\t\t\t<\/div>\n\t\t\t\t<\/div>\n\t\t\t\t<\/div>\n\t\t<div class=\"elementor-element elementor-element-50c2797e e-con-full e-flex e-con e-child\" data-id=\"50c2797e\" data-element_type=\"container\" data-e-type=\"container\">\n\t\t\t\t<div class=\"elementor-element elementor-element-baae642 elementor-widget elementor-widget-image\" data-id=\"baae642\" data-element_type=\"widget\" data-e-type=\"widget\" data-widget_type=\"image.default\">\n\t\t\t\t<div class=\"elementor-widget-container\">\n\t\t\t\t\t\t\t\t\t\t\t\t\t\t\t<img decoding=\"async\" width=\"467\" height=\"1024\" src=\"https:\/\/campzilla-shop.com\/wp-content\/uploads\/2024\/12\/Campzilla-Shop_Chloe.jpeg-467x1024.webp\" class=\"attachment-large size-large wp-image-56571\" alt=\"\" srcset=\"https:\/\/campzilla-shop.com\/wp-content\/uploads\/2024\/12\/Campzilla-Shop_Chloe.jpeg-467x1024.webp 467w, https:\/\/campzilla-shop.com\/wp-content\/uploads\/2024\/12\/Campzilla-Shop_Chloe.jpeg-137x300.webp 137w, https:\/\/campzilla-shop.com\/wp-content\/uploads\/2024\/12\/Campzilla-Shop_Chloe.jpeg-700x1536.webp 700w, https:\/\/campzilla-shop.com\/wp-content\/uploads\/2024\/12\/Campzilla-Shop_Chloe.jpeg.webp 729w\" sizes=\"(max-width: 467px) 100vw, 467px\">\t\t\t\t\t\t\t\t\t\t\t\t\t\t\t<\/div>\n\t\t\t\t<\/div>\n\t\t\t\t<div class=\"elementor-element elementor-element-f3a6af6 elementor-hidden-desktop elementor-widget elementor-widget-image\" data-id=\"f3a6af6\" data-element_type=\"widget\" data-e-type=\"widget\" data-widget_type=\"image.default\">\n\t\t\t\t<div class=\"elementor-widget-container\">\n\t\t\t\t\t\t\t\t\t\t\t\t\t\t\t<img fetchpriority=\"high\" decoding=\"async\" width=\"1024\" height=\"768\" src=\"https:\/\/campzilla-shop.com\/wp-content\/uploads\/2024\/12\/Campzilla-Shop_Land-Rover-Defender-110_Chloe.jpeg-1024x768.webp\" class=\"attachment-large size-large wp-image-56572\" alt=\"\" srcset=\"https:\/\/campzilla-shop.com\/wp-content\/uploads\/2024\/12\/Campzilla-Shop_Land-Rover-Defender-110_Chloe.jpeg-1024x768.webp 1024w, https:\/\/campzilla-shop.com\/wp-content\/uploads\/2024\/12\/Campzilla-Shop_Land-Rover-Defender-110_Chloe.jpeg-1028x771.webp 1028w, https:\/\/campzilla-shop.com\/wp-content\/uploads\/2024\/12\/Campzilla-Shop_Land-Rover-Defender-110_Chloe.jpeg-300x225.webp 300w, https:\/\/campzilla-shop.com\/wp-content\/uploads\/2024\/12\/Campzilla-Shop_Land-Rover-Defender-110_Chloe.jpeg-768x576.webp 768w, https:\/\/campzilla-shop.com\/wp-content\/uploads\/2024\/12\/Campzilla-Shop_Land-Rover-Defender-110_Chloe.jpeg.webp 1533w\" sizes=\"(max-width: 1024px) 100vw, 1024px\">\t\t\t\t\t\t\t\t\t\t\t\t\t\t\t<\/div>\n\t\t\t\t<\/div>\n\t\t\t\t<\/div>\n\t\t\t\t<\/div>\n\t\t\t\t<\/div>\n\t\t","protected":false},"excerpt":{"rendered":"<p>\u00dcber Uns &#8222;Uns&#8220; ist vielleicht ein bisschen \u00fcbertrieben \u2013 hinter Campzilla stecke ich allein, begleitet von meinen zwei Hunden. Meine Leidenschaft f\u00fcrs Camping entdeckte ich vor rund 10 Jahren, als ich von Berlin nach S\u00fcdtirol in Italien zog. Seitdem bin ich oft unterwegs, immer auf Entdeckungsreise \u2013 mit meinem Land Rover Defender und meinen beiden [&hellip;]<\/p>\n","protected":false},"author":1,"featured_media":0,"parent":0,"menu_order":0,"comment_status":"closed","ping_status":"closed","template":"","meta":{"site-sidebar-layout":"no-sidebar","site-content-layout":"page-builder","ast-site-content-layout":"full-width-container","site-content-style":"unboxed","site-sidebar-style":"unboxed","ast-global-header-display":"","ast-banner-title-visibility":"","ast-main-header-display":"","ast-hfb-above-header-display":"","ast-hfb-below-header-display":"","ast-hfb-mobile-header-display":"","site-post-title":"disabled","ast-breadcrumbs-content":"","ast-featured-img":"disabled","footer-sml-layout":"","ast-disable-related-posts":"","theme-transparent-header-meta":"enabled","adv-header-id-meta":"","stick-header-meta":"","header-above-stick-meta":"","header-main-stick-meta":"","header-below-stick-meta":"","astra-migrate-meta-layouts":"set","ast-page-background-enabled":"default","ast-page-background-meta":{"desktop":{"background-color":"","background-image":"","background-repeat":"repeat","background-position":"center center","background-size":"auto","background-attachment":"scroll","background-type":"","background-media":"","overlay-type":"","overlay-color":"","overlay-opacity":"","overlay-gradient":""},"tablet":{"background-color":"","background-image":"","background-repeat":"repeat","background-position":"center center","background-size":"auto","background-attachment":"scroll","background-type":"","background-media":"","overlay-type":"","overlay-color":"","overlay-opacity":"","overlay-gradient":""},"mobile":{"background-color":"","background-image":"","background-repeat":"repeat","background-position":"center center","background-size":"auto","background-attachment":"scroll","background-type":"","background-media":"","overlay-type":"","overlay-color":"","overlay-opacity":"","overlay-gradient":""}},"ast-content-background-meta":{"desktop":{"background-color":"var(--ast-global-color-5)","background-image":"","background-repeat":"repeat","background-position":"center center","background-size":"auto","background-attachment":"scroll","background-type":"","background-media":"","overlay-type":"","overlay-color":"","overlay-opacity":"","overlay-gradient":""},"tablet":{"background-color":"var(--ast-global-color-5)","background-image":"","background-repeat":"repeat","background-position":"center center","background-size":"auto","background-attachment":"scroll","background-type":"","background-media":"","overlay-type":"","overlay-color":"","overlay-opacity":"","overlay-gradient":""},"mobile":{"background-color":"var(--ast-global-color-5)","background-image":"","background-repeat":"repeat","background-position":"center center","background-size":"auto","background-attachment":"scroll","background-type":"","background-media":"","overlay-type":"","overlay-color":"","overlay-opacity":"","overlay-gradient":""}},"iawp_total_views":668,"footnotes":""},"class_list":["post-5","page","type-page","status-publish","hentry"],"_links":{"self":[{"href":"https:\/\/campzilla-shop.com\/de\/wp-json\/wp\/v2\/pages\/5","targetHints":{"allow":["GET"]}}],"collection":[{"href":"https:\/\/campzilla-shop.com\/de\/wp-json\/wp\/v2\/pages"}],"about":[{"href":"https:\/\/campzilla-shop.com\/de\/wp-json\/wp\/v2\/types\/page"}],"author":[{"embeddable":true,"href":"https:\/\/campzilla-shop.com\/de\/wp-json\/wp\/v2\/users\/1"}],"replies":[{"embeddable":true,"href":"https:\/\/campzilla-shop.com\/de\/wp-json\/wp\/v2\/comments?post=5"}],"version-history":[{"count":0,"href":"https:\/\/campzilla-shop.com\/de\/wp-json\/wp\/v2\/pages\/5\/revisions"}],"wp:attachment":[{"href":"https:\/\/campzilla-shop.com\/de\/wp-json\/wp\/v2\/media?parent=5"}],"curies":[{"name":"wp","href":"https:\/\/api.w.org\/{rel}","templated":true}]}}